


{"id":2505,"date":"2025-11-12T08:44:41","date_gmt":"2025-11-12T08:44:41","guid":{"rendered":"https:\/\/www.messetekstil.com\/?page_id=2505"},"modified":"2025-11-12T08:44:41","modified_gmt":"2025-11-12T08:44:41","slug":"2025-pantone-yilin-rengi-mocha-mousse-ile-moda-dunyasinda-yeni-bir-donem","status":"publish","type":"page","link":"https:\/\/www.messetekstil.com\/en\/2025-pantone-yilin-rengi-mocha-mousse-ile-moda-dunyasinda-yeni-bir-donem\/","title":{"rendered":"2025 Pantone Y\u0131l\u0131n RENG\u0130: Mocha Mousse \u0130LE Moda D\u00fcnyas\u0131nda YEN\u0130 B\u0130R D\u00f6nem"},"content":{"rendered":"<section class=\"wpb-content-wrapper\"><div class=\"vc_row wpb_row vc_row-fluid\"><div class=\"wpb_column vc_column_container vc_col-sm-12\"><div class=\"vc_column-inner\"><div class=\"wpb_wrapper\">\n\t<div  class=\"wpb_single_image wpb_content_element vc_align_center\">\n\t\t\n\t\t<figure class=\"wpb_wrapper vc_figure\">\n\t\t\t<div class=\"vc_single_image-wrapper   vc_box_border_grey\"><img decoding=\"async\" width=\"750\" height=\"750\" src=\"https:\/\/www.messetekstil.com\/wp-content\/uploads\/2025\/03\/pantone-color-of-the-year-2025-home-hero_mobile.webp\" class=\"vc_single_image-img attachment-full\" alt=\"\" title=\"pantone-color-of-the-year-2025-home-hero_mobile\" srcset=\"https:\/\/www.messetekstil.com\/wp-content\/uploads\/2025\/03\/pantone-color-of-the-year-2025-home-hero_mobile.webp 750w, https:\/\/www.messetekstil.com\/wp-content\/uploads\/2025\/03\/pantone-color-of-the-year-2025-home-hero_mobile-300x300.webp 300w, https:\/\/www.messetekstil.com\/wp-content\/uploads\/2025\/03\/pantone-color-of-the-year-2025-home-hero_mobile-150x150.webp 150w, https:\/\/www.messetekstil.com\/wp-content\/uploads\/2025\/03\/pantone-color-of-the-year-2025-home-hero_mobile-500x500.webp 500w, https:\/\/www.messetekstil.com\/wp-content\/uploads\/2025\/03\/pantone-color-of-the-year-2025-home-hero_mobile-690x690.webp 690w, https:\/\/www.messetekstil.com\/wp-content\/uploads\/2025\/03\/pantone-color-of-the-year-2025-home-hero_mobile-600x600.webp 600w, https:\/\/www.messetekstil.com\/wp-content\/uploads\/2025\/03\/pantone-color-of-the-year-2025-home-hero_mobile-100x100.webp 100w\" sizes=\"(max-width: 750px) 100vw, 750px\" data-full-size=\"750x750\" \/><\/div>\n\t\t<\/figure>\n\t<\/div>\n\n\t<div class=\"wpb_text_column wpb_content_element\" >\n\t\t<div class=\"wpb_wrapper\">\n\t\t\t<p>Her y\u0131l oldu\u011fu gibi, tekstil sekt\u00f6r\u00fc, Pantone Color Institute taraf\u0131ndan a\u00e7\u0131klanan y\u0131l\u0131n rengini merakla bekliyor. 2025 y\u0131l\u0131 i\u00e7in se\u00e7ilen renk ise\u00a0<strong>PANTONE 17-1230 Mocha Mousse<\/strong>\u00a0oldu. Zengin, s\u0131cak ve sofistike bir kahverengi tonu olan Mocha Mousse, kuma\u015f sekt\u00f6r\u00fcnde zamans\u0131z bir \u015f\u0131kl\u0131k sunuyor.<\/p>\n<p>Bu renk, moda d\u00fcnyas\u0131nda yeni koleksiyonlara y\u00f6n verirken, \u00f6zellikle tekstil sekt\u00f6r\u00fcnde, y\u00fcksek kaliteli kuma\u015f \u00fcretimi ve toptan kuma\u015f tedarikinde \u00f6nemli bir yere sahip olacak. Messe Tekstil olarak, bu trend rengi en iyi \u015fekilde nas\u0131l de\u011ferlendirebilece\u011finizi ke\u015ffetmeniz i\u00e7in detayl\u0131 bir rehber haz\u0131rlad\u0131k.<\/p>\n<h2><strong>Pantone 2025 Rengi ve Tekstil Sekt\u00f6r\u00fcndeki \u00d6nemi<\/strong><\/h2>\n<p>Pantone Color Institute, y\u0131l\u0131n rengini belirlerken k\u00fcresel moda ak\u0131mlar\u0131n\u0131, sanat ve tekstil d\u00fcnyas\u0131ndaki geli\u015fmeleri dikkate al\u0131yor. Se\u00e7ilen renk, yaln\u0131zca bir tasar\u0131m unsuru de\u011fil, ayn\u0131 zamanda y\u0131l\u0131n ruhunu yans\u0131tan bir sembol haline geliyor.<\/p>\n<p>Mocha Mousse\u2019un 2025 y\u0131l\u0131 i\u00e7in se\u00e7ilmesi, do\u011fal ve s\u0131cak tonlara olan ilginin artt\u0131\u011f\u0131n\u0131 g\u00f6steriyor. Tekstil sekt\u00f6r\u00fcnde bu ton, \u00f6zellikle\u00a0<strong>l\u00fcks kuma\u015flarda, d\u00f6\u015femelik tekstillerde, abiyelik ve g\u00fcnl\u00fck giyim kuma\u015flar\u0131nda<\/strong>\u00a0\u00f6ne \u00e7\u0131kacak.<\/p>\n<h2><strong>Mocha Mousse ile Kuma\u015f Trendleri<\/strong><\/h2>\n<p>2025 y\u0131l\u0131nda\u00a0<strong>Mocha Mousse<\/strong>, yumu\u015fak ve zarif bir dokunu\u015f sa\u011flayarak kuma\u015f \u00fcretiminde ve trend tekstil tasar\u0131mlar\u0131nda g\u00fc\u00e7l\u00fc bir etki yaratacak. Bu renk, hem klasik hem de modern kuma\u015f tasar\u0131mlar\u0131nda \u00f6ne \u00e7\u0131k\u0131yor.<\/p>\n<ul>\n<li><strong> Kuma\u015f T\u00fcrlerinde Mocha Mousse<\/strong><\/li>\n<\/ul>\n<p>Bu \u00f6zel kahverengi tonu,\u00a0<strong>kadife, ipek, y\u00fcn, pamuklu ve keten kuma\u015flarla<\/strong>\u00a0birle\u015fti\u011finde l\u00fcks ve sofistike bir his yarat\u0131yor.\u00a0<strong>Saten ve ipek kuma\u015flar<\/strong>, Mocha Mousse\u2019un zarif \u0131\u015f\u0131lt\u0131s\u0131n\u0131 en iyi yans\u0131tan se\u00e7eneklerden biri olacak.<\/p>\n<ul>\n<li><strong> Toptan Kuma\u015f \u00dcretiminde Mocha Mousse<\/strong><\/li>\n<\/ul>\n<p>Messe Tekstil olarak, Mocha Mousse rengini i\u00e7eren kuma\u015f se\u00e7eneklerini m\u00fc\u015fterilerimize sunuyoruz.\u00a0Y\u00fcksek kalite ve yenilik\u00e7i dokularla \u00fcretilen kuma\u015flar\u0131m\u0131z, moda, ev tekstili ve \u00f6zel tasar\u0131m projeleri i\u00e7in ilham kayna\u011f\u0131 olurken, markalar\u0131n \u00f6zg\u00fcn ve fark yaratan koleksiyonlar olu\u015fturmas\u0131na destek sa\u011fl\u0131yoruz.<\/p>\n<ul>\n<li><strong>Mocha Mousse ile Sekt\u00f6rel Kullan\u0131m<\/strong><\/li>\n<\/ul>\n<p>Bu renk yaln\u0131zca moda sekt\u00f6r\u00fc i\u00e7in de\u011fil, ayn\u0131 zamanda\u00a0<strong>ev tekstili, perde, d\u00f6\u015femelik kuma\u015flar ve end\u00fcstriyel tekstil \u00fcr\u00fcnlerinde<\/strong>\u00a0de s\u0131k\u00e7a tercih edilecek.<\/p>\n<h2><strong>Mocha Mousse ile Renk Kombinasyonlar\u0131<\/strong><\/h2>\n<p><strong>Mocha Mousse\u2019un en iyi tamamlay\u0131c\u0131 renkleri:<\/strong><\/p>\n<ul>\n<li><strong>Alt\u0131n ve krem tonlar\u0131<\/strong>\u00a0\u2013 L\u00fcks ve sofistike bir g\u00f6r\u00fcn\u00fcm sa\u011flar.<\/li>\n<li><strong>Toprak tonlar\u0131 ve haki ye\u015fili<\/strong>\u00a0\u2013 Do\u011fall\u0131k ve zarif bir \u015f\u0131kl\u0131k sunar.<\/li>\n<li><strong>Siyah ve koyu kahverengi<\/strong>\u00a0\u2013 G\u00fc\u00e7l\u00fc ve iddial\u0131 bir stil yarat\u0131r.<\/li>\n<li><strong>Beyaz ve bej tonlar\u0131<\/strong>\u00a0\u2013 Modern ve minimal bir denge olu\u015fturur.<\/li>\n<\/ul>\n<h2><strong>Mocha Mousse ile Kuma\u015f Tedarikinde Yeni D\u00f6nem<\/strong><\/h2>\n<p>Messe Tekstil olarak, 2025 Pantone rengini kuma\u015f koleksiyonlar\u0131m\u0131za dahil ederek, modern ve zamans\u0131z kuma\u015f se\u00e7enekleri sunmaya devam ediyoruz.\u00a0<strong>Do\u011fall\u0131k ve s\u0131cakl\u0131k arayan markalar i\u00e7in m\u00fckemmel bir se\u00e7im olan Mocha Mousse<\/strong>, kuma\u015flar\u0131m\u0131z\u0131n dokusunda sofistike bir his yarat\u0131rken, trendleri yakalamak isteyen m\u00fc\u015fterilerimiz i\u00e7in ideal bir renk olacak.<\/p>\n<p>2025 y\u0131l\u0131nda, Mocha Mousse ile tekstil d\u00fcnyas\u0131nda fark yaratmaya haz\u0131r olun! En yeni kuma\u015f se\u00e7enekleri ve toptan tedarik \u00e7\u00f6z\u00fcmlerimiz i\u00e7in Messe Tekstil\u2019i takip edin.<\/p>\n\n\t\t<\/div>\n\t<\/div>\n<\/div><\/div><\/div><\/div>\n<\/section>","protected":false},"excerpt":{"rendered":"Her y\u0131l oldu\u011fu gibi, tekstil sekt\u00f6r\u00fc, Pantone Color Institute taraf\u0131ndan a\u00e7\u0131klanan y\u0131l\u0131n rengini merakla bekliyor. 2025 y\u0131l\u0131 i\u00e7in se\u00e7ilen renk ise\u00a0PANTONE 17-1230 Mocha Mousse\u00a0oldu. Zengin, s\u0131cak ve sofistike bir kahverengi tonu olan Mocha Mousse, kuma\u015f sekt\u00f6r\u00fcnde zamans\u0131z bir \u015f\u0131kl\u0131k sunuyor. Bu renk, moda d\u00fcnyas\u0131nda yeni koleksiyonlara y\u00f6n verirken, \u00f6zellikle tekstil sekt\u00f6r\u00fcnde, y\u00fcksek kaliteli kuma\u015f \u00fcretimi [...]","protected":false},"author":1,"featured_media":2388,"parent":0,"menu_order":0,"comment_status":"closed","ping_status":"closed","template":"","meta":{"_monsterinsights_skip_tracking":false,"_monsterinsights_sitenote_active":false,"_monsterinsights_sitenote_note":"","_monsterinsights_sitenote_category":0,"footnotes":""},"class_list":["post-2505","page","type-page","status-publish","has-post-thumbnail","hentry"],"_links":{"self":[{"href":"https:\/\/www.messetekstil.com\/en\/wp-json\/wp\/v2\/pages\/2505","targetHints":{"allow":["GET"]}}],"collection":[{"href":"https:\/\/www.messetekstil.com\/en\/wp-json\/wp\/v2\/pages"}],"about":[{"href":"https:\/\/www.messetekstil.com\/en\/wp-json\/wp\/v2\/types\/page"}],"author":[{"embeddable":true,"href":"https:\/\/www.messetekstil.com\/en\/wp-json\/wp\/v2\/users\/1"}],"replies":[{"embeddable":true,"href":"https:\/\/www.messetekstil.com\/en\/wp-json\/wp\/v2\/comments?post=2505"}],"version-history":[{"count":1,"href":"https:\/\/www.messetekstil.com\/en\/wp-json\/wp\/v2\/pages\/2505\/revisions"}],"predecessor-version":[{"id":2543,"href":"https:\/\/www.messetekstil.com\/en\/wp-json\/wp\/v2\/pages\/2505\/revisions\/2543"}],"wp:featuredmedia":[{"embeddable":true,"href":"https:\/\/www.messetekstil.com\/en\/wp-json\/wp\/v2\/media\/2388"}],"wp:attachment":[{"href":"https:\/\/www.messetekstil.com\/en\/wp-json\/wp\/v2\/media?parent=2505"}],"curies":[{"name":"wp","href":"https:\/\/api.w.org\/{rel}","templated":true}]}}