


{"id":2118,"date":"2024-09-09T09:37:13","date_gmt":"2024-09-09T09:37:13","guid":{"rendered":"https:\/\/www.messetekstil.com\/?page_id=2118"},"modified":"2024-09-09T09:44:37","modified_gmt":"2024-09-09T09:44:37","slug":"2025-yilin-rengi","status":"publish","type":"page","link":"https:\/\/www.messetekstil.com\/en\/2025-yilin-rengi\/","title":{"rendered":"2025 Y\u0131l\u0131n Reng\u0130"},"content":{"rendered":"<section class=\"wpb-content-wrapper\"><div class=\"vc_row wpb_row vc_row-fluid vc_custom_1715347547835\"><div class=\"wpb_column vc_column_container vc_col-sm-12\"><div class=\"vc_column-inner\"><div class=\"wpb_wrapper\"><div class=\"vc_empty_space\"   style=\"height: 10px\"><span class=\"vc_empty_space_inner\"><\/span><\/div>\n\t<div  class=\"wpb_single_image wpb_content_element vc_align_center\">\n\t\t\n\t\t<figure class=\"wpb_wrapper vc_figure\">\n\t\t\t<div class=\"vc_single_image-wrapper   vc_box_border_grey\"><img decoding=\"async\" width=\"1280\" height=\"640\" src=\"https:\/\/www.messetekstil.com\/wp-content\/uploads\/2024\/09\/2025-yilin-rengi.jpg\" class=\"vc_single_image-img attachment-full\" alt=\"\" title=\"2025-yilin-rengi\" srcset=\"https:\/\/www.messetekstil.com\/wp-content\/uploads\/2024\/09\/2025-yilin-rengi.jpg 1280w, https:\/\/www.messetekstil.com\/wp-content\/uploads\/2024\/09\/2025-yilin-rengi-300x150.jpg 300w, https:\/\/www.messetekstil.com\/wp-content\/uploads\/2024\/09\/2025-yilin-rengi-1024x512.jpg 1024w, https:\/\/www.messetekstil.com\/wp-content\/uploads\/2024\/09\/2025-yilin-rengi-768x384.jpg 768w, https:\/\/www.messetekstil.com\/wp-content\/uploads\/2024\/09\/2025-yilin-rengi-500x250.jpg 500w, https:\/\/www.messetekstil.com\/wp-content\/uploads\/2024\/09\/2025-yilin-rengi-690x345.jpg 690w, https:\/\/www.messetekstil.com\/wp-content\/uploads\/2024\/09\/2025-yilin-rengi-600x300.jpg 600w\" sizes=\"(max-width: 1280px) 100vw, 1280px\" data-full-size=\"1280x640\" \/><\/div>\n\t\t<\/figure>\n\t<\/div>\n\n\t<div class=\"wpb_text_column wpb_content_element\" >\n\t\t<div class=\"wpb_wrapper\">\n\t\t\t<h4><span style=\"font-weight: 400;\">\u00dcnl\u00fc trend analizi \u015firketi\u00a0<\/span><strong><a href=\"https:\/\/www.wgsn.com\/en\" target=\"_blank\" rel=\"noopener\">WGSN<\/a><\/strong><span style=\"font-weight: 400;\">, renk kodlama \u015firketi\u00a0<\/span><strong><a href=\"http:\/\/www.coloro.com\/\" target=\"_blank\" rel=\"noopener\">Coloro<\/a><\/strong><span style=\"font-weight: 400;\">\u00a0ve bir di\u011fer renk belirleyici <\/span><a href=\"https:\/\/www.pantone.com\/color-of-the-year\/2024\" target=\"_blank\" rel=\"noopener\"><span style=\"font-weight: 400;\"><strong>Pantone<\/strong><\/span><\/a><span style=\"font-weight: 400;\">\u2019a g\u00f6re 2025 y\u0131l\u0131n\u0131n bask\u0131n rengi Future Dusk olarak ilan edildi.<\/span><\/h4>\n<h4><span style=\"font-weight: 400;\"><strong>Future Dusk [Coloro 129-35-18]<\/strong>, mavi ve mor aras\u0131nda yer alan karanl\u0131k, kasvetli ve ilgi \u00e7ekici bir renktir. Gizem ve ka\u00e7\u0131\u015f duygusuna sahiptir ve karanl\u0131ktan ayd\u0131nl\u0131\u011fa veya alacakaranl\u0131ktan \u015fafa\u011fa ge\u00e7i\u015f olsun, ge\u00e7i\u015f temalar\u0131na uyum sa\u011flar ve bu da onu muazzam bir de\u011fi\u015fim d\u00f6nemi i\u00e7in m\u00fckemmel hale getirir.<\/span><\/h4>\n<h4><span style=\"font-weight: 400;\">Ger\u00e7ek\u00fcst\u00fc ve uhrevi nitelikleri, ikinci uzay \u00e7a\u011f\u0131n\u0131n etkisiyle uyumludur ve Future Dusk&#8217;a g\u00f6ksel bir \u00e7ekicilik kazand\u0131r\u0131r. Bilim ve teknoloji uzay ekonomisini h\u0131zland\u0131rd\u0131k\u00e7a, ticari f\u0131rsatlar \u00f6n plana \u00e7\u0131k\u0131yor. Uzay turizminden asteroit madencili\u011finin y\u00fckseli\u015fine kadar, d\u00fcnyan\u0131n ilk trilyonerini basmas\u0131 planlanan sekt\u00f6r h\u0131zla geli\u015fiyor.<\/span><\/h4>\n<h4><span style=\"font-weight: 400;\">Sentetik yarat\u0131c\u0131l\u0131k, yapay zeka sanat \u00fcrete\u00e7leri gibi teknoloji odakl\u0131 yarat\u0131c\u0131 ara\u00e7lar\u0131n yayg\u0131n olarak kullan\u0131labilir hale gelmesiyle, ger\u00e7eklik ile fantezi aras\u0131ndaki \u00e7izgiyi giderek daha da bulan\u0131kla\u015ft\u0131ran kapsaml\u0131 bir itici g\u00fc\u00e7 haline gelecektir. Future Dusk, meta evren, fantezi ve hayal g\u00fcc\u00fc taraf\u0131ndan y\u00f6nlendirilen s\u00fcr\u00fckleyici ve d\u00f6n\u00fc\u015ft\u00fcr\u00fcc\u00fc renklerle uyumludur.<\/span><\/h4>\n<h4><span style=\"font-weight: 400;\">G\u00fcven duygusu veren renkler 2025 i\u00e7in kilit \u00f6neme sahip olacak ve b\u00fcy\u00fcleyici koyu renklerin ivme kazand\u0131\u011f\u0131n\u0131 g\u00f6rece\u011fiz. Yak\u0131n gelecekte, ger\u00e7eklik ile fantezi aras\u0131ndaki \u00e7izgiler her zamankinden daha bulan\u0131k olacak &#8211; Future Dusk, bu y\u00f6nelimle uyumlu, s\u00fcr\u00fckleyici ve d\u00f6n\u00fc\u015ft\u00fcr\u00fcc\u00fc bir renktir .\u00a0<\/span><\/h4>\n<h4><span style=\"font-weight: 400;\"><strong>Messe Tekstil AW25<\/strong> sezonunu i\u00e7erisinde yer alan b\u00fcy\u00fcleyici Future Dusk rengini m\u00fc\u015fterilerinin koleksiyonlar\u0131nda yer almas\u0131n\u0131 sab\u0131rs\u0131zl\u0131kla bekliyor.<\/span><\/h4>\n\n\t\t<\/div>\n\t<\/div>\n<\/div><\/div><\/div><\/div>\n<\/section>","protected":false},"excerpt":{"rendered":"\u00dcnl\u00fc trend analizi \u015firketi\u00a0WGSN, renk kodlama \u015firketi\u00a0Coloro\u00a0ve bir di\u011fer renk belirleyici Pantone\u2019a g\u00f6re 2025 y\u0131l\u0131n\u0131n bask\u0131n rengi Future Dusk olarak ilan edildi. Future Dusk [Coloro 129-35-18], mavi ve mor aras\u0131nda yer alan karanl\u0131k, kasvetli ve ilgi \u00e7ekici bir renktir. Gizem ve ka\u00e7\u0131\u015f duygusuna sahiptir ve karanl\u0131ktan ayd\u0131nl\u0131\u011fa veya alacakaranl\u0131ktan \u015fafa\u011fa ge\u00e7i\u015f olsun, ge\u00e7i\u015f temalar\u0131na uyum [...]","protected":false},"author":1,"featured_media":0,"parent":0,"menu_order":0,"comment_status":"closed","ping_status":"closed","template":"","meta":{"_monsterinsights_skip_tracking":false,"_monsterinsights_sitenote_active":false,"_monsterinsights_sitenote_note":"","_monsterinsights_sitenote_category":0,"footnotes":""},"class_list":["post-2118","page","type-page","status-publish","hentry"],"_links":{"self":[{"href":"https:\/\/www.messetekstil.com\/en\/wp-json\/wp\/v2\/pages\/2118","targetHints":{"allow":["GET"]}}],"collection":[{"href":"https:\/\/www.messetekstil.com\/en\/wp-json\/wp\/v2\/pages"}],"about":[{"href":"https:\/\/www.messetekstil.com\/en\/wp-json\/wp\/v2\/types\/page"}],"author":[{"embeddable":true,"href":"https:\/\/www.messetekstil.com\/en\/wp-json\/wp\/v2\/users\/1"}],"replies":[{"embeddable":true,"href":"https:\/\/www.messetekstil.com\/en\/wp-json\/wp\/v2\/comments?post=2118"}],"version-history":[{"count":5,"href":"https:\/\/www.messetekstil.com\/en\/wp-json\/wp\/v2\/pages\/2118\/revisions"}],"predecessor-version":[{"id":2121,"href":"https:\/\/www.messetekstil.com\/en\/wp-json\/wp\/v2\/pages\/2118\/revisions\/2121"}],"wp:attachment":[{"href":"https:\/\/www.messetekstil.com\/en\/wp-json\/wp\/v2\/media?parent=2118"}],"curies":[{"name":"wp","href":"https:\/\/api.w.org\/{rel}","templated":true}]}}