


{"id":1963,"date":"2024-07-31T09:46:18","date_gmt":"2024-07-31T09:46:18","guid":{"rendered":"https:\/\/www.messetekstil.com\/?page_id=1963"},"modified":"2024-08-01T13:20:18","modified_gmt":"2024-08-01T13:20:18","slug":"toptan-kumas-satin-alirken-dikkat-edilmesi-gerekenler","status":"publish","type":"page","link":"https:\/\/www.messetekstil.com\/en\/toptan-kumas-satin-alirken-dikkat-edilmesi-gerekenler\/","title":{"rendered":"Toptan Kuma\u015f Sat\u0131n Al\u0131rken D\u0130kkat Ed\u0130lmes\u0130 Gerekenler"},"content":{"rendered":"<section class=\"wpb-content-wrapper\"><div class=\"vc_row wpb_row vc_row-fluid vc_custom_1715347547835\"><div class=\"wpb_column vc_column_container vc_col-sm-12\"><div class=\"vc_column-inner\"><div class=\"wpb_wrapper\"><div class=\"vc_empty_space\"   style=\"height: 10px\"><span class=\"vc_empty_space_inner\"><\/span><\/div>\n\t<div  class=\"wpb_single_image wpb_content_element vc_align_center\">\n\t\t\n\t\t<figure class=\"wpb_wrapper vc_figure\">\n\t\t\t<div class=\"vc_single_image-wrapper   vc_box_border_grey\"><img decoding=\"async\" width=\"1200\" height=\"628\" src=\"https:\/\/www.messetekstil.com\/wp-content\/uploads\/2024\/07\/Toptan-Kumas-Satin-Alirken-Dikkat-Edilmesi-Gerekenler-gorsel.jpg\" class=\"vc_single_image-img attachment-full\" alt=\"\" title=\"Toptan Kumas\u0327 Sat\u0131n Al\u0131rken Dikkat Edilmesi Gerekenler - gorsel\" srcset=\"https:\/\/www.messetekstil.com\/wp-content\/uploads\/2024\/07\/Toptan-Kumas-Satin-Alirken-Dikkat-Edilmesi-Gerekenler-gorsel.jpg 1200w, https:\/\/www.messetekstil.com\/wp-content\/uploads\/2024\/07\/Toptan-Kumas-Satin-Alirken-Dikkat-Edilmesi-Gerekenler-gorsel-300x157.jpg 300w, https:\/\/www.messetekstil.com\/wp-content\/uploads\/2024\/07\/Toptan-Kumas-Satin-Alirken-Dikkat-Edilmesi-Gerekenler-gorsel-1024x536.jpg 1024w, https:\/\/www.messetekstil.com\/wp-content\/uploads\/2024\/07\/Toptan-Kumas-Satin-Alirken-Dikkat-Edilmesi-Gerekenler-gorsel-768x402.jpg 768w, https:\/\/www.messetekstil.com\/wp-content\/uploads\/2024\/07\/Toptan-Kumas-Satin-Alirken-Dikkat-Edilmesi-Gerekenler-gorsel-500x262.jpg 500w, https:\/\/www.messetekstil.com\/wp-content\/uploads\/2024\/07\/Toptan-Kumas-Satin-Alirken-Dikkat-Edilmesi-Gerekenler-gorsel-690x361.jpg 690w, https:\/\/www.messetekstil.com\/wp-content\/uploads\/2024\/07\/Toptan-Kumas-Satin-Alirken-Dikkat-Edilmesi-Gerekenler-gorsel-600x314.jpg 600w\" sizes=\"(max-width: 1200px) 100vw, 1200px\" data-full-size=\"1200x628\" \/><\/div>\n\t\t<\/figure>\n\t<\/div>\n\n\t<div class=\"wpb_text_column wpb_content_element\" >\n\t\t<div class=\"wpb_wrapper\">\n\t\t\t<h4><span data-contrast=\"auto\">Giyim, ev tekstili, dekorasyon ve daha bir\u00e7ok sekt\u00f6rde kullan\u0131lan kuma\u015f \u00e7e\u015fitleri, i\u015fletmelerin ihtiya\u00e7lar\u0131na uygun olarak \u00e7e\u015fitlilik g\u00f6sterir. <\/span><span data-contrast=\"none\">Bu blog yaz\u0131m\u0131zda, toptan kuma\u015f sat\u0131n al\u0131rken dikkat edilmesi gereken \u00f6nemli fakt\u00f6rleri ba\u015fl\u0131klar alt\u0131nda sizler i\u00e7in derledik.<\/span><span data-ccp-props=\"{&quot;201341983&quot;:0,&quot;335559739&quot;:0,&quot;335559740&quot;:240}\">\u00a0<\/span><\/h4>\n<h4 aria-level=\"2\"><strong>Kuma\u015f Kalitesi\u00a0\u00a0<\/strong><\/h4>\n<h4><span data-contrast=\"auto\">Toptan kuma\u015f al\u0131m\u0131nda karar verirken, kuma\u015f kalitesi b\u00fcy\u00fck bir \u00f6nem ta\u015f\u0131r. Kaliteli kuma\u015flar, projelerinizin uzun \u00f6m\u00fcrl\u00fc ve g\u00f6z al\u0131c\u0131 olmas\u0131n\u0131 sa\u011flarken \u015firketinizin m\u00fc\u015fteri memnuniyetini artt\u0131rarak sekt\u00f6rde g\u00fcvenilir firma olman\u0131z\u0131 sa\u011flar.<\/span><span data-ccp-props=\"{&quot;201341983&quot;:0,&quot;335559739&quot;:0,&quot;335559740&quot;:240}\">\u00a0<\/span><\/h4>\n<h4 aria-level=\"2\"><strong>Kuma\u015f T\u00fcr\u00fc\u00a0\u00a0<\/strong><\/h4>\n<h4><span data-contrast=\"auto\">Kuma\u015f T\u00fcrlerine ait bilgi sahibi olmak toptan kuma\u015f al\u0131m\u0131 yaparken kullan\u0131m ama\u00e7lar\u0131na uygun bir tercih yapman\u0131za sebep olur. (bkz. Toptan Kuma\u015f\u00a0 t\u00fcrleri) Bu da sat\u0131n almadan tasar\u0131ma \u00fcretimden nihai \u00fcr\u00fcne kadar b\u00fct\u00fcn s\u00fcre\u00e7leri olumlu y\u00f6nde etkiler. Kuma\u015f pamuk, keten, y\u00fcn, ipek ve sentetik malzemeler gibi \u00e7e\u015fitli t\u00fcrleri i\u00e7erir. Her bir t\u00fcr, farkl\u0131 \u00f6zellikler sunar. \u00d6rne\u011fin, Pamuklu kuma\u015flar rahatl\u0131k ve nefes alabilirlik sunarken, y\u00fcn kuma\u015flar s\u0131cak tutma \u00f6zelli\u011fi ile \u00f6ne \u00e7\u0131kar.<\/span><span data-ccp-props=\"{&quot;201341983&quot;:0,&quot;335559739&quot;:160,&quot;335559740&quot;:259}\">\u00a0<\/span><\/h4>\n<h4 aria-level=\"2\"><strong>Kullan\u0131m Ama\u00e7lar\u0131na Uygun Kuma\u015f Se\u00e7imi\u00a0<\/strong><\/h4>\n<h4><span data-contrast=\"auto\">Kuma\u015f se\u00e7imi yaparken kullan\u0131m ama\u00e7lar\u0131na uygun bir tercih yapmak, tasar\u0131mlar\u0131n\u0131z\u0131 \u00f6nemli \u00f6l\u00e7\u00fcde etkiler. \u00d6ncelikle, kuma\u015f\u0131n kullan\u0131laca\u011f\u0131 alan ve amaca odaklanmak, projenizin ba\u015far\u0131s\u0131n\u0131 belirlemede \u00f6nemli bir fakt\u00f6rd\u00fcr. \u00d6rne\u011fin, giyim tasar\u0131mlar\u0131 i\u00e7in hafif, nefes alabilir kuma\u015flar tercih edilebilirken, ev tekstili i\u00e7in daha dayan\u0131kl\u0131 ve kolay temizlenebilir kuma\u015flar daha uygun olabilir.<\/span><span data-ccp-props=\"{&quot;201341983&quot;:0,&quot;335559739&quot;:160,&quot;335559740&quot;:259}\">\u00a0<\/span><\/h4>\n<h4 aria-level=\"2\"><strong>Renk ve Desen \u00a0<\/strong><\/h4>\n<h4><span data-contrast=\"auto\">Renk, kuma\u015f se\u00e7iminde \u00f6nemli bir rol oynar. <\/span><span data-contrast=\"none\">D\u00f6nemin trend renkleriyle koleksiyon haz\u0131rlam\u0131\u015f tedarik\u00e7ilerden kuma\u015f al\u0131m\u0131 yapmak, g\u00fcncel ve yenilik\u00e7i bir koleksiyona sahip olman\u0131z\u0131 sa\u011flar. <\/span><span data-contrast=\"auto\">Bunun yan\u0131nda tasar\u0131m konseptinize uygun renkleri belirlemek, \u00fcr\u00fcnlerinizi \u00e7e\u015fitlendirmenin etkili bir yoludur.<\/span><span data-ccp-props=\"{&quot;201341983&quot;:0,&quot;335559739&quot;:160,&quot;335559740&quot;:259}\">\u00a0<\/span><\/h4>\n<h4><span data-contrast=\"auto\">Desen, tasar\u0131mlar\u0131n\u0131za karakter katman\u0131n ve benzersiz bir tarz olu\u015fturman\u0131n bir arac\u0131d\u0131r. \u00c7i\u00e7ekli, geometrik, \u00e7izgili veya d\u00fcz desenler aras\u0131ndan se\u00e7im yapmak, \u00fcr\u00fcnlerinizin hedef kitlenizin estetik beklentilerini kar\u015f\u0131lamas\u0131n\u0131 sa\u011flar. Bu da m\u00fc\u015fteri memnuniyetini art\u0131rarak marka de\u011ferinizi g\u00fc\u00e7lendirir.<\/span><span data-ccp-props=\"{&quot;201341983&quot;:0,&quot;335559739&quot;:160,&quot;335559740&quot;:259}\">\u00a0<\/span><\/h4>\n<h4 aria-level=\"2\"><strong>Fiyat\u00a0\u00a0<\/strong><\/h4>\n<h4 aria-level=\"2\"><span data-contrast=\"none\">Fiyat\u0131n kuma\u015f se\u00e7imine olan etkisi, tekstil i\u015fletmeleri ve moda tasar\u0131mc\u0131lar\u0131 i\u00e7in b\u00fcy\u00fck \u00f6nem ta\u015f\u0131r. Kuma\u015f fiyatlar\u0131, \u00fcr\u00fcn\u00fcn maliyetini do\u011frudan etkiledi\u011fi i\u00e7in, b\u00fct\u00e7eye uygun kuma\u015f se\u00e7imi stratejik bir karard\u0131r. Uygun fiyatl\u0131 kuma\u015flar, geni\u015f bir \u00fcr\u00fcn yelpazesi sunarak maliyetleri d\u00fc\u015f\u00fcrme imkan\u0131 sa\u011flar. Ancak, d\u00fc\u015f\u00fck fiyatl\u0131 kuma\u015flar\u0131n kalitesi de g\u00f6z \u00f6n\u00fcnde bulundurulmal\u0131d\u0131r. Kalitesiz kuma\u015flar, \u00fcr\u00fcnlerin dayan\u0131kl\u0131l\u0131\u011f\u0131n\u0131 ve m\u00fc\u015fteri memnuniyetini olumsuz y\u00f6nde etkileyebilir. Dolay\u0131s\u0131yla, kuma\u015f se\u00e7iminde fiyat ile kalite aras\u0131nda dengeli bir yakla\u015f\u0131m benimsemek, hem maliyet etkin hem de y\u00fcksek kaliteli \u00fcr\u00fcnler sunmak a\u00e7\u0131s\u0131ndan kritiktir.<\/span><span data-ccp-props=\"{&quot;134245418&quot;:true,&quot;134245529&quot;:true,&quot;201341983&quot;:0,&quot;335559738&quot;:40,&quot;335559739&quot;:0,&quot;335559740&quot;:259}\">\u00a0<\/span><\/h4>\n<h4 aria-level=\"2\"><strong>Tedarik ve Teslimat S\u00fcre\u00e7leri\u00a0<\/strong><\/h4>\n<h4><span data-contrast=\"auto\">Tedarik ve teslimat s\u00fcre\u00e7leri, toptan kuma\u015f al\u0131m\u0131nda \u00f6nemli bir rol oynar. Tedarik s\u00fcrecinde, \u00e7e\u015fitli kuma\u015f t\u00fcrleri aras\u0131ndan se\u00e7im yaparken zaman\u0131nda ve g\u00fcvenilir bir tedarik\u00e7i se\u00e7imi b\u00fcy\u00fck \u00f6nem ta\u015f\u0131r. Bu, i\u015fletmelerin ihtiya\u00e7 duyduklar\u0131 malzemelere sorunsuz ve h\u0131zl\u0131 bir \u015fekilde ula\u015fmalar\u0131n\u0131 sa\u011flar. Teslimat s\u00fcre\u00e7leri, projelerinizi planlarken g\u00f6z \u00f6n\u00fcnde bulundurman\u0131z gereken bir di\u011fer \u00f6nemli fakt\u00f6rd\u00fcr. H\u0131zl\u0131 ve d\u00fczenli teslimatlar, \u00fcretim s\u00fcre\u00e7lerinizi optimize etmenizi ve m\u00fc\u015fteri taleplerine zaman\u0131nda yan\u0131t vermenizi sa\u011flar. Bu da m\u00fc\u015fteri memnuniyetini art\u0131rarak i\u015fletmenizin g\u00fcvenilirli\u011fini peki\u015ftirir.<\/span><span data-ccp-props=\"{&quot;201341983&quot;:0,&quot;335559739&quot;:160,&quot;335559740&quot;:259}\">\u00a0<\/span><\/h4>\n<h4 aria-level=\"2\"><strong>\u00dcretici ve Tedarik\u00e7i G\u00fcvenilirli\u011fi\u00a0<\/strong><\/h4>\n<h4><span data-contrast=\"auto\">\u00dcretici ve tedarik\u00e7i g\u00fcvenilirli\u011fi, toptan kuma\u015f al\u0131m\u0131nda olduk\u00e7a \u00f6nemlidir. Do\u011fru \u00fcretici ve tedarik\u00e7iyle i\u015f birli\u011fi yapmak, projelerinizin ba\u015far\u0131s\u0131n\u0131 belirleyen temel bir fakt\u00f6rd\u00fcr. G\u00fcvenilir bir \u00fcretici, kaliteli kuma\u015flar\u0131 zaman\u0131nda ve sorunsuz bir \u015fekilde temin etmenizi sa\u011flar. Bu, \u00fcr\u00fcnlerinizin kalitesini etkileyerek m\u00fc\u015fteri memnuniyetini art\u0131r\u0131r.<\/span><span data-ccp-props=\"{&quot;201341983&quot;:0,&quot;335559739&quot;:160,&quot;335559740&quot;:259}\">\u00a0<\/span><\/h4>\n<h4><span data-contrast=\"auto\">Tedarik\u00e7i g\u00fcvenilirli\u011fi, i\u015fletmenizin s\u00fcrekli ve verimli bir \u015fekilde \u00e7al\u0131\u015fmas\u0131n\u0131 sa\u011flamak a\u00e7\u0131s\u0131ndan \u00f6nemlidir. G\u00fcvenilir tedarik\u00e7ilerle i\u015f birli\u011fi yapmak, stok y\u00f6netimini kolayla\u015ft\u0131r\u0131r ve malzemelere h\u0131zl\u0131 bir eri\u015fim sa\u011flar. Bu da i\u015f s\u00fcre\u00e7lerini h\u0131zland\u0131r\u0131r ve m\u00fc\u015fteri taleplerine etkili bir \u015fekilde yan\u0131t vermenizi m\u00fcmk\u00fcn k\u0131lar.<\/span><span data-ccp-props=\"{&quot;201341983&quot;:0,&quot;335559739&quot;:160,&quot;335559740&quot;:259}\">\u00a0<\/span><\/h4>\n<h4><span data-contrast=\"none\">Messe Tekstil olarak, 60 y\u0131ld\u0131r t\u00fcm bu fakt\u00f6rleri g\u00f6z \u00f6n\u00fcnde bulundurarak m\u00fc\u015fterilerimize do\u011fru kuma\u015f\u0131 en iyi fiyatla, zaman\u0131nda ve sorunsuz bir \u015fekilde ula\u015ft\u0131rmak i\u00e7in titizlikle \u00e7al\u0131\u015f\u0131yoruz.<\/span><span data-ccp-props=\"{&quot;201341983&quot;:0,&quot;335559739&quot;:160,&quot;335559740&quot;:259}\">\u00a0<\/span><\/h4>\n\n\t\t<\/div>\n\t<\/div>\n<\/div><\/div><\/div><\/div>\n<\/section>","protected":false},"excerpt":{"rendered":"Giyim, ev tekstili, dekorasyon ve daha bir\u00e7ok sekt\u00f6rde kullan\u0131lan kuma\u015f \u00e7e\u015fitleri, i\u015fletmelerin ihtiya\u00e7lar\u0131na uygun olarak \u00e7e\u015fitlilik g\u00f6sterir. Bu blog yaz\u0131m\u0131zda, toptan kuma\u015f sat\u0131n al\u0131rken dikkat edilmesi gereken \u00f6nemli fakt\u00f6rleri ba\u015fl\u0131klar alt\u0131nda sizler i\u00e7in derledik.\u00a0 Kuma\u015f Kalitesi\u00a0\u00a0 Toptan kuma\u015f al\u0131m\u0131nda karar verirken, kuma\u015f kalitesi b\u00fcy\u00fck bir \u00f6nem ta\u015f\u0131r. Kaliteli kuma\u015flar, projelerinizin uzun \u00f6m\u00fcrl\u00fc ve g\u00f6z al\u0131c\u0131 [...]","protected":false},"author":1,"featured_media":0,"parent":0,"menu_order":0,"comment_status":"closed","ping_status":"closed","template":"","meta":{"_monsterinsights_skip_tracking":false,"_monsterinsights_sitenote_active":false,"_monsterinsights_sitenote_note":"","_monsterinsights_sitenote_category":0,"footnotes":""},"class_list":["post-1963","page","type-page","status-publish","hentry"],"_links":{"self":[{"href":"https:\/\/www.messetekstil.com\/en\/wp-json\/wp\/v2\/pages\/1963","targetHints":{"allow":["GET"]}}],"collection":[{"href":"https:\/\/www.messetekstil.com\/en\/wp-json\/wp\/v2\/pages"}],"about":[{"href":"https:\/\/www.messetekstil.com\/en\/wp-json\/wp\/v2\/types\/page"}],"author":[{"embeddable":true,"href":"https:\/\/www.messetekstil.com\/en\/wp-json\/wp\/v2\/users\/1"}],"replies":[{"embeddable":true,"href":"https:\/\/www.messetekstil.com\/en\/wp-json\/wp\/v2\/comments?post=1963"}],"version-history":[{"count":5,"href":"https:\/\/www.messetekstil.com\/en\/wp-json\/wp\/v2\/pages\/1963\/revisions"}],"predecessor-version":[{"id":2008,"href":"https:\/\/www.messetekstil.com\/en\/wp-json\/wp\/v2\/pages\/1963\/revisions\/2008"}],"wp:attachment":[{"href":"https:\/\/www.messetekstil.com\/en\/wp-json\/wp\/v2\/media?parent=1963"}],"curies":[{"name":"wp","href":"https:\/\/api.w.org\/{rel}","templated":true}]}}