


{"id":1955,"date":"2024-07-31T09:27:45","date_gmt":"2024-07-31T09:27:45","guid":{"rendered":"https:\/\/www.messetekstil.com\/?page_id=1955"},"modified":"2024-08-01T13:29:23","modified_gmt":"2024-08-01T13:29:23","slug":"toptan-kumas-turleri","status":"publish","type":"page","link":"https:\/\/www.messetekstil.com\/en\/toptan-kumas-turleri\/","title":{"rendered":"Toptan Kuma\u015f T\u00fcrler\u0130"},"content":{"rendered":"<section class=\"wpb-content-wrapper\"><div class=\"vc_row wpb_row vc_row-fluid vc_custom_1715347547835\"><div class=\"wpb_column vc_column_container vc_col-sm-12\"><div class=\"vc_column-inner\"><div class=\"wpb_wrapper\"><div class=\"vc_empty_space\"   style=\"height: 10px\"><span class=\"vc_empty_space_inner\"><\/span><\/div>\n\t<div  class=\"wpb_single_image wpb_content_element vc_align_center\">\n\t\t\n\t\t<figure class=\"wpb_wrapper vc_figure\">\n\t\t\t<div class=\"vc_single_image-wrapper   vc_box_border_grey\"><img decoding=\"async\" width=\"1200\" height=\"628\" src=\"https:\/\/www.messetekstil.com\/wp-content\/uploads\/2024\/07\/Toptan-Kumas-Turleri-gorsel.jpg\" class=\"vc_single_image-img attachment-full\" alt=\"\" title=\"Toptan Kumas\u0327 Tu\u0308rleri- - gorsel\" srcset=\"https:\/\/www.messetekstil.com\/wp-content\/uploads\/2024\/07\/Toptan-Kumas-Turleri-gorsel.jpg 1200w, https:\/\/www.messetekstil.com\/wp-content\/uploads\/2024\/07\/Toptan-Kumas-Turleri-gorsel-300x157.jpg 300w, https:\/\/www.messetekstil.com\/wp-content\/uploads\/2024\/07\/Toptan-Kumas-Turleri-gorsel-1024x536.jpg 1024w, https:\/\/www.messetekstil.com\/wp-content\/uploads\/2024\/07\/Toptan-Kumas-Turleri-gorsel-768x402.jpg 768w, https:\/\/www.messetekstil.com\/wp-content\/uploads\/2024\/07\/Toptan-Kumas-Turleri-gorsel-500x262.jpg 500w, https:\/\/www.messetekstil.com\/wp-content\/uploads\/2024\/07\/Toptan-Kumas-Turleri-gorsel-690x361.jpg 690w, https:\/\/www.messetekstil.com\/wp-content\/uploads\/2024\/07\/Toptan-Kumas-Turleri-gorsel-600x314.jpg 600w\" sizes=\"(max-width: 1200px) 100vw, 1200px\" data-full-size=\"1200x628\" \/><\/div>\n\t\t<\/figure>\n\t<\/div>\n\n\t<div class=\"wpb_text_column wpb_content_element\" >\n\t\t<div class=\"wpb_wrapper\">\n\t\t\t<h4><span data-contrast=\"auto\">Toptan kuma\u015flar, i\u015fletmelerin b\u00fcy\u00fck miktarlarda ihtiya\u00e7 duyduklar\u0131 kuma\u015flar\u0131 uygun fiyatlarla temin etmelerine olanak tan\u0131r. Toptan kuma\u015f almak, bir\u00e7ok sekt\u00f6rde faaliyet g\u00f6steren i\u015fletmelerin \u00fcretim ve tasar\u0131m s\u00fcre\u00e7lerini etkileyen \u00f6nemli bir karard\u0131r. Fakat do\u011fru kuma\u015f\u0131 se\u00e7mek, tasar\u0131mc\u0131lar, modac\u0131lar ve \u00fcreticiler i\u00e7in yarat\u0131c\u0131l\u0131k ve i\u015flevselli\u011fin anahtar\u0131d\u0131r. <\/span><span data-ccp-props=\"{&quot;201341983&quot;:0,&quot;335559739&quot;:160,&quot;335559740&quot;:256}\">\u00a0<\/span><\/h4>\n<h4><span data-contrast=\"auto\">Bu blog yaz\u0131s\u0131nda, toptan kuma\u015f t\u00fcrlerini daha yak\u0131ndan inceleyerek, i\u015fletmelerin ihtiya\u00e7lar\u0131na uygun se\u00e7enekleri ke\u015ffedece\u011fiz<\/span><span data-ccp-props=\"{&quot;201341983&quot;:0,&quot;335559739&quot;:160,&quot;335559740&quot;:256}\">\u00a0<\/span><\/h4>\n<h4><span data-contrast=\"none\">Kuma\u015f, \u00e7e\u015fitli tekstil liflerinin dokunmas\u0131, \u00f6r\u00fclmesi veya \u00f6rg\u00fclenmesiyle elde edilen, giysi ve di\u011fer tekstil \u00fcr\u00fcnlerinin temel yap\u0131 ta\u015f\u0131d\u0131r. Farkl\u0131 t\u00fcrdeki lifler, dokuma teknikleri ve y\u00fczey i\u015flemeleri, kuma\u015flar\u0131n dokusunu, dayan\u0131kl\u0131l\u0131\u011f\u0131n\u0131 ve estetik \u00f6zelliklerini belirler. Moda ve i\u00e7 mekan tasar\u0131m\u0131ndan end\u00fcstriyel uygulamalara kadar geni\u015f bir kullan\u0131m alan\u0131na sahip olan kuma\u015f, tasar\u0131m ve \u00fcretim s\u00fcrecinde kritik bir rol oynar.<\/span><span data-ccp-props=\"{&quot;201341983&quot;:0,&quot;335559739&quot;:160,&quot;335559740&quot;:256}\">\u00a0<\/span><\/h4>\n<h4><span data-contrast=\"auto\">Kuma\u015flar, dokuma ve \u00f6rme kombinasyonlar\u0131 gibi \u00e7e\u015fitli \u00fcretim teknikleriyle elde edilebilir. Pamuk, keten, y\u00fcn, ipek, naylon, polyester gibi malzemelerden \u00fcretilen kuma\u015flar, giyimden ev tekstiline, end\u00fcstriyel kullan\u0131mlardan dekorasyona kadar uzanan sekt\u00f6rlerde kar\u015f\u0131m\u0131za \u00e7\u0131kar.<\/span><span data-ccp-props=\"{&quot;201341983&quot;:0,&quot;335559739&quot;:160,&quot;335559740&quot;:256}\">\u00a0<\/span><\/h4>\n<ul>\n<li data-leveltext=\"\uf0b7\" data-font=\"Symbol\" data-listid=\"1\" data-list-defn-props=\"{&quot;335552541&quot;:1,&quot;335559685&quot;:720,&quot;335559991&quot;:360,&quot;469769226&quot;:&quot;Symbol&quot;,&quot;469769242&quot;:&#091;8226&#093;,&quot;469777803&quot;:&quot;left&quot;,&quot;469777804&quot;:&quot;\uf0b7&quot;,&quot;469777815&quot;:&quot;hybridMultilevel&quot;}\" aria-setsize=\"-1\" data-aria-posinset=\"1\" data-aria-level=\"1\">\n<h4><span data-contrast=\"auto\"><strong>Pamuk Kuma\u015flar:<\/strong> Pamuk, do\u011fal bir lif olup yumu\u015fak, nefes alabilir ve hipoalerjeniktir. G\u00fcnl\u00fck giyim, ev tekstili ve bebek \u00fcr\u00fcnleri gibi bir\u00e7ok alanda kullan\u0131l\u0131r. Farkl\u0131 a\u011f\u0131rl\u0131k ve dokularda bulunabilir.<\/span><span data-ccp-props=\"{&quot;201341983&quot;:0,&quot;335559739&quot;:160,&quot;335559740&quot;:256}\">\u00a0<\/span><\/h4>\n<\/li>\n<\/ul>\n<ul>\n<li data-leveltext=\"\uf0b7\" data-font=\"Symbol\" data-listid=\"1\" data-list-defn-props=\"{&quot;335552541&quot;:1,&quot;335559685&quot;:720,&quot;335559991&quot;:360,&quot;469769226&quot;:&quot;Symbol&quot;,&quot;469769242&quot;:&#091;8226&#093;,&quot;469777803&quot;:&quot;left&quot;,&quot;469777804&quot;:&quot;\uf0b7&quot;,&quot;469777815&quot;:&quot;hybridMultilevel&quot;}\" aria-setsize=\"-1\" data-aria-posinset=\"2\" data-aria-level=\"1\">\n<h4><span data-contrast=\"auto\"><strong>Polyester Kuma\u015flar:<\/strong> Polyester, sentetik bir kuma\u015f t\u00fcr\u00fcd\u00fcr ve dayan\u0131kl\u0131l\u0131\u011f\u0131 ile bilinir. K\u0131r\u0131\u015f\u0131kl\u0131klara kar\u015f\u0131 diren\u00e7 g\u00f6sterir ve \u00e7abuk kurur. Spor giyim, d\u0131\u015f giyim ve ev tekstili gibi bir\u00e7ok alanda kullan\u0131l\u0131r.<\/span><span data-ccp-props=\"{&quot;201341983&quot;:0,&quot;335559739&quot;:160,&quot;335559740&quot;:256}\">\u00a0<\/span><\/h4>\n<\/li>\n<\/ul>\n<ul>\n<li data-leveltext=\"\uf0b7\" data-font=\"Symbol\" data-listid=\"1\" data-list-defn-props=\"{&quot;335552541&quot;:1,&quot;335559685&quot;:720,&quot;335559991&quot;:360,&quot;469769226&quot;:&quot;Symbol&quot;,&quot;469769242&quot;:&#091;8226&#093;,&quot;469777803&quot;:&quot;left&quot;,&quot;469777804&quot;:&quot;\uf0b7&quot;,&quot;469777815&quot;:&quot;hybridMultilevel&quot;}\" aria-setsize=\"-1\" data-aria-posinset=\"3\" data-aria-level=\"1\">\n<h4><span data-contrast=\"auto\"><strong>Viskon Kuma\u015flar:<\/strong> Do\u011fal bir sel\u00fcloz lifi olan viskon, yumu\u015fak ve parlak bir dokuya sahiptir. Y\u00fcksek emicilik \u00f6zelli\u011fi nedeniyle yazl\u0131k giyim ve i\u00e7 giyim gibi \u00fcr\u00fcnlerde tercih edilir.<\/span><span data-ccp-props=\"{&quot;201341983&quot;:0,&quot;335559739&quot;:160,&quot;335559740&quot;:256}\">\u00a0<\/span><\/h4>\n<\/li>\n<\/ul>\n<ul>\n<li data-leveltext=\"\uf0b7\" data-font=\"Symbol\" data-listid=\"1\" data-list-defn-props=\"{&quot;335552541&quot;:1,&quot;335559685&quot;:720,&quot;335559991&quot;:360,&quot;469769226&quot;:&quot;Symbol&quot;,&quot;469769242&quot;:&#091;8226&#093;,&quot;469777803&quot;:&quot;left&quot;,&quot;469777804&quot;:&quot;\uf0b7&quot;,&quot;469777815&quot;:&quot;hybridMultilevel&quot;}\" aria-setsize=\"-1\" data-aria-posinset=\"4\" data-aria-level=\"1\">\n<h4><span data-contrast=\"auto\"><strong>Keten Kuma\u015flar:<\/strong> Keten, do\u011fal bir kuma\u015f olup hafif, dayan\u0131kl\u0131 ve serin tutma \u00f6zelli\u011fine sahiptir. S\u0131kl\u0131kla yazl\u0131k giyimde ve ev tekstili \u00fcr\u00fcnlerinde kullan\u0131l\u0131r.<\/span><span data-ccp-props=\"{&quot;201341983&quot;:0,&quot;335559739&quot;:160,&quot;335559740&quot;:256}\">\u00a0<\/span><\/h4>\n<\/li>\n<\/ul>\n<ul>\n<li data-leveltext=\"\uf0b7\" data-font=\"Symbol\" data-listid=\"1\" data-list-defn-props=\"{&quot;335552541&quot;:1,&quot;335559685&quot;:720,&quot;335559991&quot;:360,&quot;469769226&quot;:&quot;Symbol&quot;,&quot;469769242&quot;:&#091;8226&#093;,&quot;469777803&quot;:&quot;left&quot;,&quot;469777804&quot;:&quot;\uf0b7&quot;,&quot;469777815&quot;:&quot;hybridMultilevel&quot;}\" aria-setsize=\"-1\" data-aria-posinset=\"5\" data-aria-level=\"1\">\n<h4><span data-contrast=\"auto\"><strong>Y\u00fcn Kuma\u015flar:<\/strong> Y\u00fcn, s\u0131cakl\u0131k d\u00fczenlemesi ve y\u00fcksek kaliteli bir g\u00f6r\u00fcn\u00fcm sunan do\u011fal bir kuma\u015ft\u0131r. So\u011fuk hava ko\u015fullar\u0131nda etkili bir se\u00e7enektir ve genellikle k\u0131\u015f giyiminde tercih edilir.<\/span><span data-ccp-props=\"{&quot;201341983&quot;:0,&quot;335559739&quot;:160,&quot;335559740&quot;:256}\">\u00a0<\/span><\/h4>\n<\/li>\n<\/ul>\n<ul>\n<li data-leveltext=\"\uf0b7\" data-font=\"Symbol\" data-listid=\"1\" data-list-defn-props=\"{&quot;335552541&quot;:1,&quot;335559685&quot;:720,&quot;335559991&quot;:360,&quot;469769226&quot;:&quot;Symbol&quot;,&quot;469769242&quot;:&#091;8226&#093;,&quot;469777803&quot;:&quot;left&quot;,&quot;469777804&quot;:&quot;\uf0b7&quot;,&quot;469777815&quot;:&quot;hybridMultilevel&quot;}\" aria-setsize=\"-1\" data-aria-posinset=\"6\" data-aria-level=\"1\">\n<h4><span data-contrast=\"auto\"><strong>Saten Kuma\u015flar:<\/strong> Parlak y\u00fczeyiyle dikkat \u00e7eken saten, \u00f6zel g\u00fcnlerde ve l\u00fcks tasar\u0131mlarda s\u0131kl\u0131kla kullan\u0131l\u0131r. Elbiseler, gecelikler ve \u015f\u0131k i\u00e7 giyim \u00fcr\u00fcnlerinde tercih edilir.<\/span><span data-ccp-props=\"{&quot;201341983&quot;:0,&quot;335559739&quot;:160,&quot;335559740&quot;:256}\">\u00a0<\/span><\/h4>\n<\/li>\n<\/ul>\n<ul>\n<li data-leveltext=\"\uf0b7\" data-font=\"Symbol\" data-listid=\"1\" data-list-defn-props=\"{&quot;335552541&quot;:1,&quot;335559685&quot;:720,&quot;335559991&quot;:360,&quot;469769226&quot;:&quot;Symbol&quot;,&quot;469769242&quot;:&#091;8226&#093;,&quot;469777803&quot;:&quot;left&quot;,&quot;469777804&quot;:&quot;\uf0b7&quot;,&quot;469777815&quot;:&quot;hybridMultilevel&quot;}\" aria-setsize=\"-1\" data-aria-posinset=\"7\" data-aria-level=\"1\">\n<h4><span data-contrast=\"auto\"><strong>Denim Kuma\u015flar:<\/strong> Dayan\u0131kl\u0131 ve sert bir dokuya sahip olan denim, genellikle kot pantolonlar\u0131nda kullan\u0131l\u0131r. Rahat giyim ve dayan\u0131kl\u0131l\u0131\u011f\u0131yla bilinir.<\/span><span data-ccp-props=\"{&quot;201341983&quot;:0,&quot;335559739&quot;:160,&quot;335559740&quot;:256}\">\u00a0<\/span><\/h4>\n<\/li>\n<\/ul>\n<ul>\n<li data-leveltext=\"\uf0b7\" data-font=\"Symbol\" data-listid=\"1\" data-list-defn-props=\"{&quot;335552541&quot;:1,&quot;335559685&quot;:720,&quot;335559991&quot;:360,&quot;469769226&quot;:&quot;Symbol&quot;,&quot;469769242&quot;:&#091;8226&#093;,&quot;469777803&quot;:&quot;left&quot;,&quot;469777804&quot;:&quot;\uf0b7&quot;,&quot;469777815&quot;:&quot;hybridMultilevel&quot;}\" aria-setsize=\"-1\" data-aria-posinset=\"8\" data-aria-level=\"1\">\n<h4><span data-contrast=\"auto\"><strong>\u015eifon Kuma\u015flar:<\/strong> \u0130nce ve hafif dokusuyla \u00f6ne \u00e7\u0131kan \u015fifon, yazl\u0131k elbiselerde ve zarif tasar\u0131mlarda s\u0131k\u00e7a kullan\u0131l\u0131r.<\/span><span data-ccp-props=\"{&quot;201341983&quot;:0,&quot;335559739&quot;:160,&quot;335559740&quot;:256}\">\u00a0<\/span><\/h4>\n<\/li>\n<\/ul>\n<ul>\n<li data-leveltext=\"\uf0b7\" data-font=\"Symbol\" data-listid=\"1\" data-list-defn-props=\"{&quot;335552541&quot;:1,&quot;335559685&quot;:720,&quot;335559991&quot;:360,&quot;469769226&quot;:&quot;Symbol&quot;,&quot;469769242&quot;:&#091;8226&#093;,&quot;469777803&quot;:&quot;left&quot;,&quot;469777804&quot;:&quot;\uf0b7&quot;,&quot;469777815&quot;:&quot;hybridMultilevel&quot;}\" aria-setsize=\"-1\" data-aria-posinset=\"9\" data-aria-level=\"1\">\n<h4><span data-contrast=\"none\"><strong>Naylon Kuma\u015flar:<\/strong> Naylon, sentetik bir polimer olan ve 1930&#8217;larda geli\u015ftirilen bir kuma\u015f t\u00fcr\u00fcd\u00fcr. Dayan\u0131kl\u0131l\u0131\u011f\u0131, hafifli\u011fi ve elastikiyeti ile bilinir. Naylon, suya ve a\u015f\u0131nmaya kar\u015f\u0131 y\u00fcksek diren\u00e7 g\u00f6sterir, bu nedenle spor giyim, \u00e7antalar ve end\u00fcstriyel \u00fcr\u00fcnler gibi \u00e7e\u015fitli uygulamalarda kullan\u0131l\u0131r. Ayr\u0131ca, d\u00fc\u015f\u00fck bak\u0131m gereksinimleri ve h\u0131zl\u0131 kuruma \u00f6zelli\u011fi, naylon kuma\u015flar\u0131 pop\u00fcler bir tercih haline getirir. Ancak, naylonun \u00e7evresel etkileri ve d\u00fc\u015f\u00fck hava ge\u00e7irgenli\u011fi gibi dezavantajlar\u0131 da bulunmaktad\u0131r.<\/span><span data-ccp-props=\"{&quot;201341983&quot;:0,&quot;335559739&quot;:160,&quot;335559740&quot;:256}\">\u00a0<\/span><\/h4>\n<\/li>\n<\/ul>\n<ul>\n<li data-leveltext=\"\uf0b7\" data-font=\"Symbol\" data-listid=\"1\" data-list-defn-props=\"{&quot;335552541&quot;:1,&quot;335559685&quot;:720,&quot;335559991&quot;:360,&quot;469769226&quot;:&quot;Symbol&quot;,&quot;469769242&quot;:&#091;8226&#093;,&quot;469777803&quot;:&quot;left&quot;,&quot;469777804&quot;:&quot;\uf0b7&quot;,&quot;469777815&quot;:&quot;hybridMultilevel&quot;}\" aria-setsize=\"-1\" data-aria-posinset=\"10\" data-aria-level=\"1\">\n<h4><span data-contrast=\"none\"><strong>Deri Kuma\u015f:<\/strong> Deri kuma\u015f, hayvan derilerinin i\u015flenmesiyle elde edilen do\u011fal bir malzemedir. Genellikle s\u0131\u011f\u0131r, koyun veya ke\u00e7i derileri kullan\u0131larak \u00fcretilir ve l\u00fcks, dayan\u0131kl\u0131l\u0131k ve estetik de\u011ferleriyle tan\u0131n\u0131r. Deri, genellikle mobilya, \u00e7antalar, ayakkab\u0131lar ve giysilerde kullan\u0131l\u0131r. Do\u011fal yap\u0131s\u0131 ve diki\u015fleriyle \u00f6zg\u00fcn bir dokunu\u015f sunar. Deri kuma\u015f, y\u00fcksek kaliteli ve uzun \u00f6m\u00fcrl\u00fc olmas\u0131yla bilinirken, bak\u0131m gerektirebilir ve zamanla ya\u015flanabilir. Deri i\u015fleme teknikleri ve t\u00fcrleri, kuma\u015f\u0131n sertli\u011fini, dokusunu ve g\u00f6r\u00fcn\u00fcm\u00fcn\u00fc etkileyebilir.<\/span><span data-ccp-props=\"{&quot;201341983&quot;:0,&quot;335559739&quot;:160,&quot;335559740&quot;:256}\">\u00a0<\/span><\/h4>\n<\/li>\n<\/ul>\n<h4><span data-contrast=\"auto\">Kuma\u015f T\u00fcrlerine ait bilgi sahibi olmak toptan kuma\u015f al\u0131m\u0131 yaparken kullan\u0131m ama\u00e7lar\u0131na uygun bir tercih yapman\u0131za sebep olur. Bu da sat\u0131n almadan tasar\u0131ma \u00fcretimden nihai \u00fcr\u00fcne kadar b\u00fct\u00fcn s\u00fcre\u00e7leri olumlu y\u00f6nde etkiler.<\/span><span data-contrast=\"none\">\u00a0<\/span><span data-ccp-props=\"{&quot;201341983&quot;:0,&quot;335559739&quot;:160,&quot;335559740&quot;:256,&quot;469777462&quot;:&#091;1755&#093;,&quot;469777927&quot;:&#091;0&#093;,&quot;469777928&quot;:&#091;1&#093;}\">\u00a0<\/span><\/h4>\n<h4><span data-contrast=\"none\">Bu \u00e7er\u00e7evede, Messe Tekstil Ailesi olarak 60 y\u0131ld\u0131r m\u00fc\u015fterilerimizin ihtiya\u00e7lar\u0131na uygun kuma\u015f t\u00fcrleri sunarak, \u00fcr\u00fcnlerinin ve \u015firketlerinin ba\u015far\u0131s\u0131na katk\u0131da bulunmaktan b\u00fcy\u00fck memnuniyet duyuyoruz.<\/span><span data-ccp-props=\"{&quot;201341983&quot;:0,&quot;335559739&quot;:160,&quot;335559740&quot;:256,&quot;469777462&quot;:&#091;1755&#093;,&quot;469777927&quot;:&#091;0&#093;,&quot;469777928&quot;:&#091;1&#093;}\">\u00a0<\/span><\/h4>\n\n\t\t<\/div>\n\t<\/div>\n<\/div><\/div><\/div><\/div>\n<\/section>","protected":false},"excerpt":{"rendered":"Toptan kuma\u015flar, i\u015fletmelerin b\u00fcy\u00fck miktarlarda ihtiya\u00e7 duyduklar\u0131 kuma\u015flar\u0131 uygun fiyatlarla temin etmelerine olanak tan\u0131r. Toptan kuma\u015f almak, bir\u00e7ok sekt\u00f6rde faaliyet g\u00f6steren i\u015fletmelerin \u00fcretim ve tasar\u0131m s\u00fcre\u00e7lerini etkileyen \u00f6nemli bir karard\u0131r. Fakat do\u011fru kuma\u015f\u0131 se\u00e7mek, tasar\u0131mc\u0131lar, modac\u0131lar ve \u00fcreticiler i\u00e7in yarat\u0131c\u0131l\u0131k ve i\u015flevselli\u011fin anahtar\u0131d\u0131r. \u00a0 Bu blog yaz\u0131s\u0131nda, toptan kuma\u015f t\u00fcrlerini daha yak\u0131ndan inceleyerek, i\u015fletmelerin ihtiya\u00e7lar\u0131na [...]","protected":false},"author":1,"featured_media":0,"parent":0,"menu_order":0,"comment_status":"closed","ping_status":"closed","template":"","meta":{"_monsterinsights_skip_tracking":false,"_monsterinsights_sitenote_active":false,"_monsterinsights_sitenote_note":"","_monsterinsights_sitenote_category":0,"footnotes":""},"class_list":["post-1955","page","type-page","status-publish","hentry"],"_links":{"self":[{"href":"https:\/\/www.messetekstil.com\/en\/wp-json\/wp\/v2\/pages\/1955","targetHints":{"allow":["GET"]}}],"collection":[{"href":"https:\/\/www.messetekstil.com\/en\/wp-json\/wp\/v2\/pages"}],"about":[{"href":"https:\/\/www.messetekstil.com\/en\/wp-json\/wp\/v2\/types\/page"}],"author":[{"embeddable":true,"href":"https:\/\/www.messetekstil.com\/en\/wp-json\/wp\/v2\/users\/1"}],"replies":[{"embeddable":true,"href":"https:\/\/www.messetekstil.com\/en\/wp-json\/wp\/v2\/comments?post=1955"}],"version-history":[{"count":8,"href":"https:\/\/www.messetekstil.com\/en\/wp-json\/wp\/v2\/pages\/1955\/revisions"}],"predecessor-version":[{"id":2007,"href":"https:\/\/www.messetekstil.com\/en\/wp-json\/wp\/v2\/pages\/1955\/revisions\/2007"}],"wp:attachment":[{"href":"https:\/\/www.messetekstil.com\/en\/wp-json\/wp\/v2\/media?parent=1955"}],"curies":[{"name":"wp","href":"https:\/\/api.w.org\/{rel}","templated":true}]}}