


{"id":1772,"date":"2024-05-10T13:20:53","date_gmt":"2024-05-10T13:20:53","guid":{"rendered":"https:\/\/www.messetekstil.com\/?page_id=1772"},"modified":"2024-08-01T13:28:29","modified_gmt":"2024-08-01T13:28:29","slug":"2024-yilin-rengi","status":"publish","type":"page","link":"https:\/\/www.messetekstil.com\/en\/2024-yilin-rengi\/","title":{"rendered":"2024 Y\u0131l\u0131n Reng\u0130"},"content":{"rendered":"<section class=\"wpb-content-wrapper\"><div class=\"vc_row wpb_row vc_row-fluid vc_custom_1715347547835\"><div class=\"wpb_column vc_column_container vc_col-sm-12\"><div class=\"vc_column-inner\"><div class=\"wpb_wrapper\"><div class=\"vc_empty_space\"   style=\"height: 10px\"><span class=\"vc_empty_space_inner\"><\/span><\/div>\n\t<div  class=\"wpb_single_image wpb_content_element vc_align_center\">\n\t\t\n\t\t<figure class=\"wpb_wrapper vc_figure\">\n\t\t\t<div class=\"vc_single_image-wrapper   vc_box_border_grey\"><img decoding=\"async\" width=\"1200\" height=\"628\" src=\"https:\/\/www.messetekstil.com\/wp-content\/uploads\/2024\/05\/APRICOT-CRUSH.jpg\" class=\"vc_single_image-img attachment-full\" alt=\"\" title=\"APRICOT-CRUSH\" srcset=\"https:\/\/www.messetekstil.com\/wp-content\/uploads\/2024\/05\/APRICOT-CRUSH.jpg 1200w, https:\/\/www.messetekstil.com\/wp-content\/uploads\/2024\/05\/APRICOT-CRUSH-300x157.jpg 300w, https:\/\/www.messetekstil.com\/wp-content\/uploads\/2024\/05\/APRICOT-CRUSH-1024x536.jpg 1024w, https:\/\/www.messetekstil.com\/wp-content\/uploads\/2024\/05\/APRICOT-CRUSH-768x402.jpg 768w, https:\/\/www.messetekstil.com\/wp-content\/uploads\/2024\/05\/APRICOT-CRUSH-500x262.jpg 500w, https:\/\/www.messetekstil.com\/wp-content\/uploads\/2024\/05\/APRICOT-CRUSH-690x361.jpg 690w, https:\/\/www.messetekstil.com\/wp-content\/uploads\/2024\/05\/APRICOT-CRUSH-600x314.jpg 600w\" sizes=\"(max-width: 1200px) 100vw, 1200px\" data-full-size=\"1200x628\" \/><\/div>\n\t\t<\/figure>\n\t<\/div>\n\n\t<div class=\"wpb_text_column wpb_content_element\" >\n\t\t<div class=\"wpb_wrapper\">\n\t\t\t<h4>Moday\u0131 yak\u0131ndan takip edenler her sene y\u0131l\u0131n rengi olarak ilan edilen rengin t\u00fcm trendleri etkiledi\u011fini bilir! Bu y\u0131l \u00f6ne \u00e7\u0131kan zengin renk paleti, daha \u015fimdiden pek \u00e7ok \u00fcnl\u00fc tasar\u0131mc\u0131n\u0131n koleksiyonunu \u015fekillendirdi.\u00a0Bu blog yaz\u0131s\u0131nda y\u0131l\u0131n moda rengini belirleyen iki b\u00fcy\u00fck kurulu\u015f \u0131\u015f\u0131\u011f\u0131nda y\u0131l\u0131n renklerini inceleyece\u011fiz<\/h4>\n<h4><a href=\"https:\/\/www.pantone.com\/color-of-the-year\/2024\" target=\"_blank\" rel=\"noopener\">Pantone<\/a>\u2019a g\u00f6re 2024 y\u0131l\u0131n\u0131n bask\u0131n rengi, Peach Fuzz (\u015feftali t\u00fcy\u00fc); yani s\u0131cac\u0131k bir turuncu! Enerji veren peach fuzz \u2013 \u015feftali t\u00fcy\u00fc rengi, do\u011fadan ilham alan tonlar\u0131yla kombinlere etkileyici bir g\u00fczellik kat\u0131yor.<\/h4>\n<h4>Bu senenin \u00f6ne \u00e7\u0131kan di\u011fer renkleri de t\u0131pk\u0131 peach fuzz gibi do\u011fayla uyumlu bir tonlamaya sahip: g\u00fc\u00e7l\u00fc turuncu, hardal, kahverengi, g\u00fcne\u015f turuncusu, k\u0131rm\u0131z\u0131, sar\u0131, leylak, parlak beyaz.<\/h4>\n<h4>\u00dcnl\u00fc trend analizi \u015firketi\u00a0<a href=\"https:\/\/www.wgsn.com\/en\" target=\"_blank\" rel=\"noopener\">WGSN<\/a>, renk kodlama \u015firketi\u00a0<a href=\"http:\/\/www.coloro.com\/\" target=\"_blank\" rel=\"noopener\"><strong>Coloro<\/strong><\/a><strong>\u00a0\u2013 The Color Code<\/strong>\u00a0ile birlikte 2024 y\u0131l\u0131n\u0131n rengini belirledi. Apricot Crush olarak adland\u0131r\u0131lan s\u0131cak \u015feftali turuncusunu hem sokak modas\u0131nda hem de podyumlarda g\u00f6rmeye ba\u015flad\u0131k bile.<\/h4>\n\n\t\t<\/div>\n\t<\/div>\n\n\t<div  class=\"wpb_single_image wpb_content_element vc_align_center\">\n\t\t\n\t\t<figure class=\"wpb_wrapper vc_figure\">\n\t\t\t<div class=\"vc_single_image-wrapper   vc_box_border_grey\"><img decoding=\"async\" width=\"2400\" height=\"1561\" src=\"https:\/\/www.messetekstil.com\/wp-content\/uploads\/2024\/05\/PEACH-FUZZ.webp\" class=\"vc_single_image-img attachment-full\" alt=\"\" title=\"PEACH-FUZZ\" srcset=\"https:\/\/www.messetekstil.com\/wp-content\/uploads\/2024\/05\/PEACH-FUZZ.webp 2400w, https:\/\/www.messetekstil.com\/wp-content\/uploads\/2024\/05\/PEACH-FUZZ-300x195.webp 300w, https:\/\/www.messetekstil.com\/wp-content\/uploads\/2024\/05\/PEACH-FUZZ-1024x666.webp 1024w, https:\/\/www.messetekstil.com\/wp-content\/uploads\/2024\/05\/PEACH-FUZZ-768x500.webp 768w, https:\/\/www.messetekstil.com\/wp-content\/uploads\/2024\/05\/PEACH-FUZZ-1536x999.webp 1536w, https:\/\/www.messetekstil.com\/wp-content\/uploads\/2024\/05\/PEACH-FUZZ-2048x1332.webp 2048w, https:\/\/www.messetekstil.com\/wp-content\/uploads\/2024\/05\/PEACH-FUZZ-500x325.webp 500w, https:\/\/www.messetekstil.com\/wp-content\/uploads\/2024\/05\/PEACH-FUZZ-690x449.webp 690w, https:\/\/www.messetekstil.com\/wp-content\/uploads\/2024\/05\/PEACH-FUZZ-1300x846.webp 1300w, https:\/\/www.messetekstil.com\/wp-content\/uploads\/2024\/05\/PEACH-FUZZ-1660x1080.webp 1660w, https:\/\/www.messetekstil.com\/wp-content\/uploads\/2024\/05\/PEACH-FUZZ-1920x1249.webp 1920w, https:\/\/www.messetekstil.com\/wp-content\/uploads\/2024\/05\/PEACH-FUZZ-600x390.webp 600w\" sizes=\"(max-width: 2400px) 100vw, 2400px\" data-full-size=\"2400x1561\" \/><\/div>\n\t\t<\/figure>\n\t<\/div>\n\n\t<div class=\"wpb_text_column wpb_content_element\" >\n\t\t<div class=\"wpb_wrapper\">\n\t\t\t<h4>WGSN\u2019in renk stratejisti Clare Smith,\u00a0<strong>Apricot Crush (Coloro 024-65-27)<\/strong>\u00a0rengini sakin ve iyimser bir his verdi\u011fini s\u00f6ylerken, kad\u0131n giyimden sorumlu Sara Maggioni rengin \u00e7ok \u00e7e\u015fitli olmas\u0131yla sezon ve cinsiyet fark etmeksizin kullan\u0131labilece\u011fini s\u00f6yl\u00fcyor. Bu s\u0131cak turuncu tonu ayn\u0131 zamanda kay\u0131s\u0131 ve turun\u00e7gillerin vitamin ve antioksidan \u00f6zelli\u011fini de \u00e7a\u011fr\u0131\u015ft\u0131rarak sa\u011fl\u0131kl\u0131 ya\u015fama vurgu yap\u0131yor.<\/h4>\n<h4>Di\u011fer renklerle uyumlar\u0131 ile, birden fazla materyalde kullan\u0131labilirli\u011fi, moda d\u0131\u015f\u0131ndaki g\u00fczellik ve i\u00e7 dekorasyon sekt\u00f6rlerine olan uyarlanabilirli\u011fi ile Apricot Crush ve\u00a0 Peach Fuzz (\u015feftali t\u00fcy\u00fc); verdi\u011fi canl\u0131 enerjik hisle bir s\u00fcre hayat\u0131m\u0131z\u0131n i\u00e7inde olacak gibi g\u00f6r\u00fcn\u00fcyor.<\/h4>\n<h4>Messe Tekstil (8525 7537 8650 7058 ) hem g\u00fcnl\u00fck casual giyim de hem de activewear (spor giyim) de enerji veren bu iki turuncu tonuna yer vererek m\u00fc\u015fterilerinin koleksiyonlar\u0131nda yer almas\u0131n\u0131 sab\u0131rs\u0131zl\u0131kla bekliyor.<\/h4>\n\n\t\t<\/div>\n\t<\/div>\n<\/div><\/div><\/div><\/div>\n<\/section>","protected":false},"excerpt":{"rendered":"Moday\u0131 yak\u0131ndan takip edenler her sene y\u0131l\u0131n rengi olarak ilan edilen rengin t\u00fcm trendleri etkiledi\u011fini bilir! Bu y\u0131l \u00f6ne \u00e7\u0131kan zengin renk paleti, daha \u015fimdiden pek \u00e7ok \u00fcnl\u00fc tasar\u0131mc\u0131n\u0131n koleksiyonunu \u015fekillendirdi.\u00a0Bu blog yaz\u0131s\u0131nda y\u0131l\u0131n moda rengini belirleyen iki b\u00fcy\u00fck kurulu\u015f \u0131\u015f\u0131\u011f\u0131nda y\u0131l\u0131n renklerini inceleyece\u011fiz Pantone\u2019a g\u00f6re 2024 y\u0131l\u0131n\u0131n bask\u0131n rengi, Peach Fuzz (\u015feftali t\u00fcy\u00fc); yani [...]","protected":false},"author":1,"featured_media":0,"parent":0,"menu_order":0,"comment_status":"closed","ping_status":"closed","template":"","meta":{"_monsterinsights_skip_tracking":false,"_monsterinsights_sitenote_active":false,"_monsterinsights_sitenote_note":"","_monsterinsights_sitenote_category":0,"footnotes":""},"class_list":["post-1772","page","type-page","status-publish","hentry"],"_links":{"self":[{"href":"https:\/\/www.messetekstil.com\/en\/wp-json\/wp\/v2\/pages\/1772","targetHints":{"allow":["GET"]}}],"collection":[{"href":"https:\/\/www.messetekstil.com\/en\/wp-json\/wp\/v2\/pages"}],"about":[{"href":"https:\/\/www.messetekstil.com\/en\/wp-json\/wp\/v2\/types\/page"}],"author":[{"embeddable":true,"href":"https:\/\/www.messetekstil.com\/en\/wp-json\/wp\/v2\/users\/1"}],"replies":[{"embeddable":true,"href":"https:\/\/www.messetekstil.com\/en\/wp-json\/wp\/v2\/comments?post=1772"}],"version-history":[{"count":7,"href":"https:\/\/www.messetekstil.com\/en\/wp-json\/wp\/v2\/pages\/1772\/revisions"}],"predecessor-version":[{"id":2006,"href":"https:\/\/www.messetekstil.com\/en\/wp-json\/wp\/v2\/pages\/1772\/revisions\/2006"}],"wp:attachment":[{"href":"https:\/\/www.messetekstil.com\/en\/wp-json\/wp\/v2\/media?parent=1772"}],"curies":[{"name":"wp","href":"https:\/\/api.w.org\/{rel}","templated":true}]}}